{"id":51,"date":"2018-06-05T14:41:49","date_gmt":"2018-06-05T14:41:49","guid":{"rendered":"http:\/\/psychotherapie-doering.de\/?page_id=51"},"modified":"2024-05-03T10:18:35","modified_gmt":"2024-05-03T10:18:35","slug":"selbstzahler","status":"publish","type":"page","link":"https:\/\/psychotherapie-doering.de\/?page_id=51","title":{"rendered":"Selbstzahler"},"content":{"rendered":"<p>Es besteht nat\u00fcrlich auch die M\u00f6glichkeit, die Behandlung selbst zu bezahlen. Hierf\u00fcr sind keine Formalit\u00e4ten notwendig. Mein Honorar berechnet sich nach der Geb\u00fchrenordnung f\u00fcr Psychotherapeuten (GOP, 2,9-facher Satz) und liegt damit bei 126,77 \u20ac pro 50 Minuten.<\/p>\n","protected":false},"excerpt":{"rendered":"<p>Es besteht nat\u00fcrlich auch die M\u00f6glichkeit, die Behandlung selbst zu bezahlen. Hierf\u00fcr sind keine Formalit\u00e4ten notwendig. Mein Honorar berechnet sich nach der Geb\u00fchrenordnung f\u00fcr Psychotherapeuten (GOP, 2,9-facher Satz) und liegt damit bei 126,77 \u20ac pro 50 Minuten.<\/p>\n","protected":false},"author":1,"featured_media":0,"parent":43,"menu_order":0,"comment_status":"closed","ping_status":"closed","template":"","meta":[],"_links":{"self":[{"href":"https:\/\/psychotherapie-doering.de\/index.php?rest_route=\/wp\/v2\/pages\/51"}],"collection":[{"href":"https:\/\/psychotherapie-doering.de\/index.php?rest_route=\/wp\/v2\/pages"}],"about":[{"href":"https:\/\/psychotherapie-doering.de\/index.php?rest_route=\/wp\/v2\/types\/page"}],"author":[{"embeddable":true,"href":"https:\/\/psychotherapie-doering.de\/index.php?rest_route=\/wp\/v2\/users\/1"}],"replies":[{"embeddable":true,"href":"https:\/\/psychotherapie-doering.de\/index.php?rest_route=%2Fwp%2Fv2%2Fcomments&post=51"}],"version-history":[{"count":4,"href":"https:\/\/psychotherapie-doering.de\/index.php?rest_route=\/wp\/v2\/pages\/51\/revisions"}],"predecessor-version":[{"id":227,"href":"https:\/\/psychotherapie-doering.de\/index.php?rest_route=\/wp\/v2\/pages\/51\/revisions\/227"}],"up":[{"embeddable":true,"href":"https:\/\/psychotherapie-doering.de\/index.php?rest_route=\/wp\/v2\/pages\/43"}],"wp:attachment":[{"href":"https:\/\/psychotherapie-doering.de\/index.php?rest_route=%2Fwp%2Fv2%2Fmedia&parent=51"}],"curies":[{"name":"wp","href":"https:\/\/api.w.org\/{rel}","templated":true}]}}