{"id":40,"date":"2018-06-05T14:39:53","date_gmt":"2018-06-05T14:39:53","guid":{"rendered":"http:\/\/psychotherapie-doering.de\/?page_id=40"},"modified":"2018-06-05T15:11:00","modified_gmt":"2018-06-05T15:11:00","slug":"coaching","status":"publish","type":"page","link":"https:\/\/psychotherapie-doering.de\/?page_id=40","title":{"rendered":"Coaching"},"content":{"rendered":"<p>&nbsp;<\/p>\n<p>Coaching ist eine individuelle, zeitlich begrenzte Unterst\u00fctzung im Sinne einer \u201eHilfe zur Selbsthilfe\u201c im beruflichen Bereich. Es kann zum Beispiel dabei helfen, Ihre F\u00e4higkeiten, Talente und Potenziale voll zu nutzen\/auszubauen, Denk- und Verhaltensmuster zu reflektieren und zu ver\u00e4ndern sowie f\u00fcr aktuelle Problemlagen L\u00f6sungen zu erarbeiten. Ein psychologisches Coaching ist keine Kassenleistung, die Kosten m\u00fcssen also von Ihnen selbst getragen werden (s. Kosten).<\/p>\n<p>Anl\u00e4sse f\u00fcr ein Coaching sind sehr individuell, hier finden Sie einige Beispiele, warum Klient*innen ein Coaching bei mir aufsuchen:<\/p>\n<p>&nbsp;<\/p>\n<ul>\n<li>Um- oder Neuorientierung in Beruf und Studium<\/li>\n<li>Work-Life-Balance<\/li>\n<li>Stressmanagement<\/li>\n<li>Burn-out-Pr\u00e4vention<\/li>\n<li>Bew\u00e4ltigung von Konflikten am Arbeitsplatz<\/li>\n<li>Mobbing<\/li>\n<\/ul>\n","protected":false},"excerpt":{"rendered":"<p>&nbsp; Coaching ist eine individuelle, zeitlich begrenzte Unterst\u00fctzung im Sinne einer \u201eHilfe zur Selbsthilfe\u201c im beruflichen Bereich. Es kann zum Beispiel dabei helfen, Ihre F\u00e4higkeiten, Talente und Potenziale voll zu nutzen\/auszubauen, Denk- und Verhaltensmuster zu reflektieren und zu ver\u00e4ndern sowie f\u00fcr aktuelle Problemlagen L\u00f6sungen zu erarbeiten. Ein psychologisches Coaching ist keine Kassenleistung, die Kosten m\u00fcssen&hellip;<\/p>\n","protected":false},"author":1,"featured_media":0,"parent":33,"menu_order":0,"comment_status":"closed","ping_status":"closed","template":"","meta":[],"_links":{"self":[{"href":"https:\/\/psychotherapie-doering.de\/index.php?rest_route=\/wp\/v2\/pages\/40"}],"collection":[{"href":"https:\/\/psychotherapie-doering.de\/index.php?rest_route=\/wp\/v2\/pages"}],"about":[{"href":"https:\/\/psychotherapie-doering.de\/index.php?rest_route=\/wp\/v2\/types\/page"}],"author":[{"embeddable":true,"href":"https:\/\/psychotherapie-doering.de\/index.php?rest_route=\/wp\/v2\/users\/1"}],"replies":[{"embeddable":true,"href":"https:\/\/psychotherapie-doering.de\/index.php?rest_route=%2Fwp%2Fv2%2Fcomments&post=40"}],"version-history":[{"count":2,"href":"https:\/\/psychotherapie-doering.de\/index.php?rest_route=\/wp\/v2\/pages\/40\/revisions"}],"predecessor-version":[{"id":83,"href":"https:\/\/psychotherapie-doering.de\/index.php?rest_route=\/wp\/v2\/pages\/40\/revisions\/83"}],"up":[{"embeddable":true,"href":"https:\/\/psychotherapie-doering.de\/index.php?rest_route=\/wp\/v2\/pages\/33"}],"wp:attachment":[{"href":"https:\/\/psychotherapie-doering.de\/index.php?rest_route=%2Fwp%2Fv2%2Fmedia&parent=40"}],"curies":[{"name":"wp","href":"https:\/\/api.w.org\/{rel}","templated":true}]}}