{"id":29,"date":"2018-06-05T11:49:26","date_gmt":"2018-06-05T11:49:26","guid":{"rendered":"http:\/\/psychotherapie-doering.de\/?page_id=29"},"modified":"2021-04-12T07:59:29","modified_gmt":"2021-04-12T07:59:29","slug":"ueber-mich","status":"publish","type":"page","link":"https:\/\/psychotherapie-doering.de\/?page_id=29","title":{"rendered":"\u00dcber mich"},"content":{"rendered":"<p><img loading=\"lazy\" class=\"alignnone size-full wp-image-184\" src=\"http:\/\/psychotherapie-doering.de\/wp-content\/uploads\/2020\/07\/0H4_1568b_300dpi13x19.jpg\" alt=\"\" width=\"2244\" height=\"1535\" srcset=\"https:\/\/psychotherapie-doering.de\/wp-content\/uploads\/2020\/07\/0H4_1568b_300dpi13x19.jpg 2244w, https:\/\/psychotherapie-doering.de\/wp-content\/uploads\/2020\/07\/0H4_1568b_300dpi13x19-300x205.jpg 300w, https:\/\/psychotherapie-doering.de\/wp-content\/uploads\/2020\/07\/0H4_1568b_300dpi13x19-768x525.jpg 768w, https:\/\/psychotherapie-doering.de\/wp-content\/uploads\/2020\/07\/0H4_1568b_300dpi13x19-1024x700.jpg 1024w\" sizes=\"(max-width: 2244px) 100vw, 2244px\" \/><\/p>\n<p>Ausbildung:<\/p>\n<ul>\n<li>2005-2011: Psychologiestudium an der Universit\u00e4t Kiel, Abschluss: Diplom<\/li>\n<li>2011-2016: Staatlich anerkannte Aus- und Weiterbildung zur psychologischen Psychotherapeutin bei der Deutschen Gesellschaft f\u00fcr Verhaltenstherapie<\/li>\n<li>2014-2016: Master of Advanced Studies Psychotherapie mit Schwerpunkt Verhaltenstherapie, Universit\u00e4t Bern<\/li>\n<\/ul>\n<p>Beruflicher Werdegang:<\/p>\n<ul>\n<li>2011-2012: Klinik L\u00fcneburger Heide Bad Bevensen: Abteilung f\u00fcr Essst\u00f6rungen<\/li>\n<li>2012-2016: Psychiatrische Klinik Uelzen<\/li>\n<li>Seit 2016: Fortbildungen und Workshops f\u00fcr verschiedene Institutionen deutschlandweit<\/li>\n<li>Seit 2016: T\u00e4tigkeit in Privatpraxis als Psychotherapeutin<\/li>\n<li>2017 &#8211; 2019: STC Ambulantes Therapiecentrum Waldd\u00f6rfer<\/li>\n<li>2016 &#8211; 2020: Opferhilfe Hamburg &#8211; Beratung bei Gewalt und Trauma<\/li>\n<li>Seit 2021: Psychotherapeutische Beratungsstelle der Johannes-Gutenberg-Universit\u00e4t Mainz<\/li>\n<\/ul>\n<p>Weiterbildungen in EMDR (Eye Movement Desensitization and Reprocessing) und Schematherapie.<\/p>\n","protected":false},"excerpt":{"rendered":"<p>Ausbildung: 2005-2011: Psychologiestudium an der Universit\u00e4t Kiel, Abschluss: Diplom 2011-2016: Staatlich anerkannte Aus- und Weiterbildung zur psychologischen Psychotherapeutin bei der Deutschen Gesellschaft f\u00fcr Verhaltenstherapie 2014-2016: Master of Advanced Studies Psychotherapie mit Schwerpunkt Verhaltenstherapie, Universit\u00e4t Bern Beruflicher Werdegang: 2011-2012: Klinik L\u00fcneburger Heide Bad Bevensen: Abteilung f\u00fcr Essst\u00f6rungen 2012-2016: Psychiatrische Klinik Uelzen Seit 2016: Fortbildungen und Workshops&hellip;<\/p>\n","protected":false},"author":1,"featured_media":0,"parent":0,"menu_order":0,"comment_status":"closed","ping_status":"closed","template":"","meta":[],"_links":{"self":[{"href":"https:\/\/psychotherapie-doering.de\/index.php?rest_route=\/wp\/v2\/pages\/29"}],"collection":[{"href":"https:\/\/psychotherapie-doering.de\/index.php?rest_route=\/wp\/v2\/pages"}],"about":[{"href":"https:\/\/psychotherapie-doering.de\/index.php?rest_route=\/wp\/v2\/types\/page"}],"author":[{"embeddable":true,"href":"https:\/\/psychotherapie-doering.de\/index.php?rest_route=\/wp\/v2\/users\/1"}],"replies":[{"embeddable":true,"href":"https:\/\/psychotherapie-doering.de\/index.php?rest_route=%2Fwp%2Fv2%2Fcomments&post=29"}],"version-history":[{"count":9,"href":"https:\/\/psychotherapie-doering.de\/index.php?rest_route=\/wp\/v2\/pages\/29\/revisions"}],"predecessor-version":[{"id":209,"href":"https:\/\/psychotherapie-doering.de\/index.php?rest_route=\/wp\/v2\/pages\/29\/revisions\/209"}],"wp:attachment":[{"href":"https:\/\/psychotherapie-doering.de\/index.php?rest_route=%2Fwp%2Fv2%2Fmedia&parent=29"}],"curies":[{"name":"wp","href":"https:\/\/api.w.org\/{rel}","templated":true}]}}