{"id":2,"date":"2016-05-10T03:48:21","date_gmt":"2016-05-10T03:48:21","guid":{"rendered":"http:\/\/psychotherapie-doering.de\/?page_id=2"},"modified":"2023-05-15T08:27:35","modified_gmt":"2023-05-15T08:27:35","slug":"sample-page","status":"publish","type":"page","link":"https:\/\/psychotherapie-doering.de\/","title":{"rendered":"\u201eHerzlich Willkommen\u201c"},"content":{"rendered":"<p>Sch\u00f6n, dass Sie sich f\u00fcr mein Angebot interessieren.<\/p>\n<p>Jeder Mensch kommt im Leben in Situationen, die er als sehr belastend empfindet und sich hilflos f\u00fchlt, eigene Umgangsweisen und L\u00f6sungen zu finden. Dies k\u00f6nnen z.B. belastende wiederkehrende Gef\u00fchle oder Gedanken, aber auch Schwierigkeiten im Umgang mit anderen Menschen oder pers\u00f6nliche Krisen sein. Eine professionelle therapeutische Behandlung kann Sie bei der Bew\u00e4ltigung Ihres Problems unterst\u00fctzen, Ihnen neue Handlungsspielr\u00e4ume er\u00f6ffnen und dazu beitragen, Ihren Leidensdruck zu verringern.<\/p>\n<p>Als approbierte psychologische Psychotherapeutin arbeite ich mit wissenschaftlich fundierten Methoden der kognitiven Verhaltenstherapie, in die ich auch Elemente modernerer Verfahren integriere (z.B. emotionsfokussierte Verfahren, Schematherapie, achtsamkeitsbasierte Verfahren).<\/p>\n<p>Auf den folgenden Seiten k\u00f6nnen Sie sich \u00fcber meine Arbeit und mein Behandlungsangebot informieren. Nehmen Sie gern <a href=\"http:\/\/psychotherapie-doering.de\/?page_id=59\"><strong>Kontakt<\/strong><\/a> zu mir auf.<\/p>\n","protected":false},"excerpt":{"rendered":"<p>Sch\u00f6n, dass Sie sich f\u00fcr mein Angebot interessieren. Jeder Mensch kommt im Leben in Situationen, die er als sehr belastend empfindet und sich hilflos f\u00fchlt, eigene Umgangsweisen und L\u00f6sungen zu finden. Dies k\u00f6nnen z.B. belastende wiederkehrende Gef\u00fchle oder Gedanken, aber auch Schwierigkeiten im Umgang mit anderen Menschen oder pers\u00f6nliche Krisen sein. Eine professionelle therapeutische Behandlung&hellip;<\/p>\n","protected":false},"author":1,"featured_media":0,"parent":0,"menu_order":0,"comment_status":"closed","ping_status":"open","template":"","meta":[],"_links":{"self":[{"href":"https:\/\/psychotherapie-doering.de\/index.php?rest_route=\/wp\/v2\/pages\/2"}],"collection":[{"href":"https:\/\/psychotherapie-doering.de\/index.php?rest_route=\/wp\/v2\/pages"}],"about":[{"href":"https:\/\/psychotherapie-doering.de\/index.php?rest_route=\/wp\/v2\/types\/page"}],"author":[{"embeddable":true,"href":"https:\/\/psychotherapie-doering.de\/index.php?rest_route=\/wp\/v2\/users\/1"}],"replies":[{"embeddable":true,"href":"https:\/\/psychotherapie-doering.de\/index.php?rest_route=%2Fwp%2Fv2%2Fcomments&post=2"}],"version-history":[{"count":23,"href":"https:\/\/psychotherapie-doering.de\/index.php?rest_route=\/wp\/v2\/pages\/2\/revisions"}],"predecessor-version":[{"id":219,"href":"https:\/\/psychotherapie-doering.de\/index.php?rest_route=\/wp\/v2\/pages\/2\/revisions\/219"}],"wp:attachment":[{"href":"https:\/\/psychotherapie-doering.de\/index.php?rest_route=%2Fwp%2Fv2%2Fmedia&parent=2"}],"curies":[{"name":"wp","href":"https:\/\/api.w.org\/{rel}","templated":true}]}}