{"id":57,"date":"2018-06-05T14:43:02","date_gmt":"2018-06-05T14:43:02","guid":{"rendered":"http:\/\/psychotherapie-doering.de\/?page_id=57"},"modified":"2018-06-05T15:16:44","modified_gmt":"2018-06-05T15:16:44","slug":"soldaten-und-soldatinnen","status":"publish","type":"page","link":"http:\/\/psychotherapie-doering.de\/?page_id=57","title":{"rendered":"Soldaten und Soldatinnen"},"content":{"rendered":"<p>&nbsp;<\/p>\n<p>Auch Soldaten und Soldatinnen haben die M\u00f6glichkeit, in einer Privatpraxis behandelt zu werden. Lassen Sie sich dazu von Ihrem Truppenarzt einen \u00dcberweisungsschein und den Sanit\u00e4tsvordruck \u201eKosten\u00fcbernahmeerkl\u00e4rung\u201c \u00fcber vier\u00a0probatorische Sitzungen ausstellen und bringen beides mit zum Erstgespr\u00e4ch. Die Bewilligung weiterer Sitzungen erfolgt ebenso \u00fcber den Truppenarzt.<\/p>\n","protected":false},"excerpt":{"rendered":"<p>&nbsp; Auch Soldaten und Soldatinnen haben die M\u00f6glichkeit, in einer Privatpraxis behandelt zu werden. Lassen Sie sich dazu von Ihrem Truppenarzt einen \u00dcberweisungsschein und den Sanit\u00e4tsvordruck \u201eKosten\u00fcbernahmeerkl\u00e4rung\u201c \u00fcber vier\u00a0probatorische Sitzungen ausstellen und bringen beides mit zum Erstgespr\u00e4ch. Die Bewilligung weiterer Sitzungen erfolgt ebenso \u00fcber den Truppenarzt.<\/p>\n","protected":false},"author":1,"featured_media":0,"parent":43,"menu_order":0,"comment_status":"closed","ping_status":"closed","template":"","meta":[],"_links":{"self":[{"href":"http:\/\/psychotherapie-doering.de\/index.php?rest_route=\/wp\/v2\/pages\/57"}],"collection":[{"href":"http:\/\/psychotherapie-doering.de\/index.php?rest_route=\/wp\/v2\/pages"}],"about":[{"href":"http:\/\/psychotherapie-doering.de\/index.php?rest_route=\/wp\/v2\/types\/page"}],"author":[{"embeddable":true,"href":"http:\/\/psychotherapie-doering.de\/index.php?rest_route=\/wp\/v2\/users\/1"}],"replies":[{"embeddable":true,"href":"http:\/\/psychotherapie-doering.de\/index.php?rest_route=%2Fwp%2Fv2%2Fcomments&post=57"}],"version-history":[{"count":4,"href":"http:\/\/psychotherapie-doering.de\/index.php?rest_route=\/wp\/v2\/pages\/57\/revisions"}],"predecessor-version":[{"id":90,"href":"http:\/\/psychotherapie-doering.de\/index.php?rest_route=\/wp\/v2\/pages\/57\/revisions\/90"}],"up":[{"embeddable":true,"href":"http:\/\/psychotherapie-doering.de\/index.php?rest_route=\/wp\/v2\/pages\/43"}],"wp:attachment":[{"href":"http:\/\/psychotherapie-doering.de\/index.php?rest_route=%2Fwp%2Fv2%2Fmedia&parent=57"}],"curies":[{"name":"wp","href":"https:\/\/api.w.org\/{rel}","templated":true}]}}