{"id":38,"date":"2018-06-05T14:39:32","date_gmt":"2018-06-05T14:39:32","guid":{"rendered":"http:\/\/psychotherapie-doering.de\/?page_id=38"},"modified":"2018-06-05T15:10:47","modified_gmt":"2018-06-05T15:10:47","slug":"beratung","status":"publish","type":"page","link":"http:\/\/psychotherapie-doering.de\/?page_id=38","title":{"rendered":"Beratung"},"content":{"rendered":"<p>&nbsp;<\/p>\n<p>Wenn zwar keine behandlungsbed\u00fcrftige psychische Erkrankung bei Ihnen vorliegt, Sie jedoch mit wichtigen Fragen Ihrer pers\u00f6nlichen Weiterentwicklung besch\u00e4ftigt sind und sich bei der Kl\u00e4rung Unterst\u00fctzung w\u00fcnschen, kann Ihnen eine Beratung m\u00f6glicherweise helfen. Eine psychologische Beratung ist keine Kassenleistung, die Kosten m\u00fcssen also von Ihnen selbst getragen werden (s. Kosten).<\/p>\n<p>Anl\u00e4sse f\u00fcr eine Beratung sind sehr individuell, hier finden Sie einige Beispiele, warum Klient*innen eine Beratung bei mir aufsuchen:<\/p>\n<p><strong>\u00a0<\/strong><\/p>\n<ul>\n<li>Reflexion der eigenen Lebensplanung, z.B. Kinderwunsch, Partnerschaft<\/li>\n<li>Umgang mit pers\u00f6nlichen Krisen wie Trennungen oder Verlusterlebnissen<\/li>\n<li>F\u00f6rderung von Selbstvertrauen\/Selbstbewusstsein<\/li>\n<li>Selbstmanagement, z.B. Strukturierung und Organisation des Alltags<\/li>\n<li>Bew\u00e4ltigung von Konflikten in Partnerschaft oder Familie<\/li>\n<\/ul>\n<p>&nbsp;<\/p>\n<p>Ob Sie nur einen oder auch mehrere Beratungstermine in Anspruch nehmen, k\u00f6nnen wir individuell abstimmen.<\/p>\n","protected":false},"excerpt":{"rendered":"<p>&nbsp; Wenn zwar keine behandlungsbed\u00fcrftige psychische Erkrankung bei Ihnen vorliegt, Sie jedoch mit wichtigen Fragen Ihrer pers\u00f6nlichen Weiterentwicklung besch\u00e4ftigt sind und sich bei der Kl\u00e4rung Unterst\u00fctzung w\u00fcnschen, kann Ihnen eine Beratung m\u00f6glicherweise helfen. Eine psychologische Beratung ist keine Kassenleistung, die Kosten m\u00fcssen also von Ihnen selbst getragen werden (s. Kosten). Anl\u00e4sse f\u00fcr eine Beratung sind&hellip;<\/p>\n","protected":false},"author":1,"featured_media":0,"parent":33,"menu_order":0,"comment_status":"closed","ping_status":"closed","template":"","meta":[],"_links":{"self":[{"href":"http:\/\/psychotherapie-doering.de\/index.php?rest_route=\/wp\/v2\/pages\/38"}],"collection":[{"href":"http:\/\/psychotherapie-doering.de\/index.php?rest_route=\/wp\/v2\/pages"}],"about":[{"href":"http:\/\/psychotherapie-doering.de\/index.php?rest_route=\/wp\/v2\/types\/page"}],"author":[{"embeddable":true,"href":"http:\/\/psychotherapie-doering.de\/index.php?rest_route=\/wp\/v2\/users\/1"}],"replies":[{"embeddable":true,"href":"http:\/\/psychotherapie-doering.de\/index.php?rest_route=%2Fwp%2Fv2%2Fcomments&post=38"}],"version-history":[{"count":2,"href":"http:\/\/psychotherapie-doering.de\/index.php?rest_route=\/wp\/v2\/pages\/38\/revisions"}],"predecessor-version":[{"id":82,"href":"http:\/\/psychotherapie-doering.de\/index.php?rest_route=\/wp\/v2\/pages\/38\/revisions\/82"}],"up":[{"embeddable":true,"href":"http:\/\/psychotherapie-doering.de\/index.php?rest_route=\/wp\/v2\/pages\/33"}],"wp:attachment":[{"href":"http:\/\/psychotherapie-doering.de\/index.php?rest_route=%2Fwp%2Fv2%2Fmedia&parent=38"}],"curies":[{"name":"wp","href":"https:\/\/api.w.org\/{rel}","templated":true}]}}